{"id":9,"date":"2025-04-05T14:31:20","date_gmt":"2025-04-05T14:31:20","guid":{"rendered":"https:\/\/cotizador.powerboxec.com\/?page_id=9"},"modified":"2025-04-17T01:19:47","modified_gmt":"2025-04-17T01:19:47","slug":"home","status":"publish","type":"page","link":"https:\/\/cotizador.powerboxec.com\/","title":{"rendered":"Home"},"content":{"rendered":"<p>[et_pb_section fb_built=\u00bb1&#8243; admin_label=\u00bbTestimonials\u00bb _builder_version=\u00bb4.27.3&#8243; _module_preset=\u00bbdefault\u00bb collapsed=\u00bbon\u00bb global_colors_info=\u00bb{%22gcid-2a2d16d8-12e5-4520-affe-307c5f5dfb07%22:%91%22background_color%22%93}\u00bb][et_pb_row _builder_version=\u00bb4.27.3&#8243; _module_preset=\u00bbdefault\u00bb global_colors_info=\u00bb{}\u00bb][et_pb_column type=\u00bb4_4&#8243; _builder_version=\u00bb4.27.3&#8243; _module_preset=\u00bbdefault\u00bb global_colors_info=\u00bb{}\u00bb][et_pb_heading title=\u00bbCotiza en linea ahora!\u00bb _builder_version=\u00bb4.27.4&#8243; _module_preset=\u00bbc39a617e-6fbb-4227-a899-17ab9ce3e406&#8243; global_colors_info=\u00bb{}\u00bb][\/et_pb_heading][\/et_pb_column][\/et_pb_row][et_pb_row column_structure=\u00bb1_4,1_2,1_4&#8243; _builder_version=\u00bb4.27.4&#8243; _module_preset=\u00bbdefault\u00bb global_colors_info=\u00bb{}\u00bb][et_pb_column type=\u00bb1_4&#8243; _builder_version=\u00bb4.27.4&#8243; _module_preset=\u00bbdefault\u00bb global_colors_info=\u00bb{}\u00bb][\/et_pb_column][et_pb_column type=\u00bb1_2&#8243; _builder_version=\u00bb4.27.4&#8243; _module_preset=\u00bbdefault\u00bb global_colors_info=\u00bb{}\u00bb][et_pb_code _builder_version=\u00bb4.27.4&#8243; _module_preset=\u00bbdefault\u00bb custom_margin=\u00bb|||55px|false|false\u00bb global_colors_info=\u00bb{}\u00bb]<!DOCTYPE html><!-- [et_pb_line_break_holder] --><html lang=\"es\"><!-- [et_pb_line_break_holder] --><head><!-- [et_pb_line_break_holder] -->  <meta charset=\"UTF-8\" \/><!-- [et_pb_line_break_holder] -->  <meta name=\"viewport\" content=\"width=device-width, initial-scale=1.0\"\/><!-- [et_pb_line_break_holder] -->  <title>Cotizador Online<\/title><!-- [et_pb_line_break_holder] -->  <link href=\"https:\/\/fonts.googleapis.com\/css2?family=Montserrat:wght@400;600&#038;display=swap\" rel=\"stylesheet\"><!-- [et_pb_line_break_holder] -->  <\/p>\n<style><!-- [et_pb_line_break_holder] -->    body {<!-- [et_pb_line_break_holder] -->      font-family: 'Montserrat', sans-serif;<!-- [et_pb_line_break_holder] -->      background-color: #f9f9f9;<!-- [et_pb_line_break_holder] -->      display: flex;<!-- [et_pb_line_break_holder] -->      justify-content: center;<!-- [et_pb_line_break_holder] -->      align-items: center;<!-- [et_pb_line_break_holder] -->      min-height: 100vh;<!-- [et_pb_line_break_holder] -->      margin: 0;<!-- [et_pb_line_break_holder] -->    }<!-- [et_pb_line_break_holder] --><!-- [et_pb_line_break_holder] -->    .cotizador-container {<!-- [et_pb_line_break_holder] -->      background: #fff;<!-- [et_pb_line_break_holder] -->      padding: 30px 25px;<!-- [et_pb_line_break_holder] -->      border-radius: 10px;<!-- [et_pb_line_break_holder] -->      box-shadow: 0 4px 10px rgba(0, 0, 0, 0.1);<!-- [et_pb_line_break_holder] -->      width: 90%;<!-- [et_pb_line_break_holder] -->      max-width: 400px;<!-- [et_pb_line_break_holder] -->      text-align: center;<!-- [et_pb_line_break_holder] -->    }<!-- [et_pb_line_break_holder] --><!-- [et_pb_line_break_holder] -->    .cotizador-title {<!-- [et_pb_line_break_holder] -->      font-weight: 600;<!-- [et_pb_line_break_holder] -->      font-size: 1.8em;<!-- [et_pb_line_break_holder] -->      margin-bottom: 25px;<!-- [et_pb_line_break_holder] -->      color: #333;<!-- [et_pb_line_break_holder] -->    }<!-- [et_pb_line_break_holder] --><!-- [et_pb_line_break_holder] -->    .form-group {<!-- [et_pb_line_break_holder] -->      display: flex;<!-- [et_pb_line_break_holder] -->      align-items: center;<!-- [et_pb_line_break_holder] -->      justify-content: space-between;<!-- [et_pb_line_break_holder] -->      margin: 12px 0;<!-- [et_pb_line_break_holder] -->      text-align: left;<!-- [et_pb_line_break_holder] -->    }<!-- [et_pb_line_break_holder] --><!-- [et_pb_line_break_holder] -->    .form-group label {<!-- [et_pb_line_break_holder] -->      width: 48%;<!-- [et_pb_line_break_holder] -->      font-weight: 500;<!-- [et_pb_line_break_holder] -->      font-size: 0.95em;<!-- [et_pb_line_break_holder] -->      color: #333;<!-- [et_pb_line_break_holder] -->    }<!-- [et_pb_line_break_holder] --><!-- [et_pb_line_break_holder] -->    .form-group input {<!-- [et_pb_line_break_holder] -->      width: 48%;<!-- [et_pb_line_break_holder] -->      padding: 10px;<!-- [et_pb_line_break_holder] -->      border: 1px solid #ccc;<!-- [et_pb_line_break_holder] -->      border-radius: 5px;<!-- [et_pb_line_break_holder] -->      font-size: 1em;<!-- [et_pb_line_break_holder] -->    }<!-- [et_pb_line_break_holder] --><!-- [et_pb_line_break_holder] -->    .cotizador-btn {<!-- [et_pb_line_break_holder] -->      background-color: #FFC708;<!-- [et_pb_line_break_holder] -->      color: #333;<!-- [et_pb_line_break_holder] -->      border: none;<!-- [et_pb_line_break_holder] -->      padding: 10px 25px;<!-- [et_pb_line_break_holder] -->      font-size: 1em;<!-- [et_pb_line_break_holder] -->      border-radius: 5px;<!-- [et_pb_line_break_holder] -->      font-weight: bold;<!-- [et_pb_line_break_holder] -->      cursor: pointer;<!-- [et_pb_line_break_holder] -->      transition: background-color 0.3s ease;<!-- [et_pb_line_break_holder] -->      margin-top: 20px;<!-- [et_pb_line_break_holder] -->    }<!-- [et_pb_line_break_holder] --><!-- [et_pb_line_break_holder] -->    .cotizador-btn:hover {<!-- [et_pb_line_break_holder] -->      background-color: #e6b607;<!-- [et_pb_line_break_holder] -->    }<!-- [et_pb_line_break_holder] --><!-- [et_pb_line_break_holder] -->    .resultado-container {<!-- [et_pb_line_break_holder] -->      margin-top: 20px;<!-- [et_pb_line_break_holder] -->      display: flex;<!-- [et_pb_line_break_holder] -->      justify-content: center;<!-- [et_pb_line_break_holder] -->    }<!-- [et_pb_line_break_holder] --><!-- [et_pb_line_break_holder] -->    .resultado-btn {<!-- [et_pb_line_break_holder] -->      background-color: rgba(255, 199, 8, 0.75); \/* 75% de transparencia *\/<!-- [et_pb_line_break_holder] -->      color: #333;<!-- [et_pb_line_break_holder] -->      border: none;<!-- [et_pb_line_break_holder] -->      padding: 10px 25px;<!-- [et_pb_line_break_holder] -->      font-size: 1em;<!-- [et_pb_line_break_holder] -->      border-radius: 5px;<!-- [et_pb_line_break_holder] -->      font-weight: bold;<!-- [et_pb_line_break_holder] -->      pointer-events: none;<!-- [et_pb_line_break_holder] -->      display: none;<!-- [et_pb_line_break_holder] -->      text-align: center;<!-- [et_pb_line_break_holder] -->    }<!-- [et_pb_line_break_holder] -->  <\/style>\n<p><!-- [et_pb_line_break_holder] --><\/head><!-- [et_pb_line_break_holder] --><body><!-- [et_pb_line_break_holder] -->  <\/p>\n<div class=\"cotizador-container\"><!-- [et_pb_line_break_holder] -->    <\/p>\n<h2 class=\"cotizador-title\">Cotizador Online<\/h2>\n<p><!-- [et_pb_line_break_holder] --><!-- [et_pb_line_break_holder] -->    <\/p>\n<div class=\"form-group\"><!-- [et_pb_line_break_holder] -->      <label for=\"peso\">Peso (libras):<\/label><!-- [et_pb_line_break_holder] -->      <input type=\"number\" id=\"peso\" step=\"0.01\" min=\"0\" \/><!-- [et_pb_line_break_holder] -->    <\/div>\n<p><!-- [et_pb_line_break_holder] --><!-- [et_pb_line_break_holder] -->    <\/p>\n<div class=\"form-group\"><!-- [et_pb_line_break_holder] -->      <label for=\"precio\">Costo (USD):<\/label><!-- [et_pb_line_break_holder] -->      <input type=\"number\" id=\"precio\" step=\"0.01\" min=\"0\" \/><!-- [et_pb_line_break_holder] -->    <\/div>\n<p><!-- [et_pb_line_break_holder] --><!-- [et_pb_line_break_holder] -->    <\/p>\n<div class=\"form-group\"><!-- [et_pb_line_break_holder] -->      <label for=\"cantidad\">Cantidad:<\/label><!-- [et_pb_line_break_holder] -->      <input type=\"number\" id=\"cantidad\" min=\"1\" \/><!-- [et_pb_line_break_holder] -->    <\/div>\n<p><!-- [et_pb_line_break_holder] --><!-- [et_pb_line_break_holder] -->    <button id=\"cotizar-btn\" class=\"cotizador-btn\">Cotizar<\/button><!-- [et_pb_line_break_holder] --><!-- [et_pb_line_break_holder] -->    <\/p>\n<div class=\"resultado-container\"><!-- [et_pb_line_break_holder] -->      <button id=\"resultado-btn\" class=\"resultado-btn\">El valor a pagar es: $0.00<\/button><!-- [et_pb_line_break_holder] -->    <\/div>\n<p><!-- [et_pb_line_break_holder] -->  <\/div>\n<p><!-- [et_pb_line_break_holder] --><!-- [et_pb_line_break_holder] -->  <script><!-- [et_pb_line_break_holder] -->    document.getElementById('cotizar-btn').addEventListener('click', function () {<!-- [et_pb_line_break_holder] -->      const peso = parseFloat(document.getElementById('peso').value);<!-- [et_pb_line_break_holder] -->      const precio = parseFloat(document.getElementById('precio').value);<!-- [et_pb_line_break_holder] -->      const cantidad = parseInt(document.getElementById('cantidad').value);<!-- [et_pb_line_break_holder] -->      const resultadoBtn = document.getElementById('resultado-btn');<!-- [et_pb_line_break_holder] --><!-- [et_pb_line_break_holder] -->      \/\/ Validar datos<!-- [et_pb_line_break_holder] -->      if (isNaN(peso) || isNaN(precio) || isNaN(cantidad) || peso <= 0 || precio <= 0 || cantidad <= 0) {<!-- [et_pb_line_break_holder] -->        resultadoBtn.style.display = 'block';<!-- [et_pb_line_break_holder] -->        resultadoBtn.textContent = 'Por favor, llena todos los campos correctamente.';<!-- [et_pb_line_break_holder] -->        return;<!-- [et_pb_line_break_holder] -->      }<!-- [et_pb_line_break_holder] --><!-- [et_pb_line_break_holder] -->      let resultado = 0;<!-- [et_pb_line_break_holder] --><!-- [et_pb_line_break_holder] -->      \/\/ L\u00f3gica de tarifa<!-- [et_pb_line_break_holder] -->      if (precio < 400 &#038;&#038; peso <= 8.8 &#038;&#038; cantidad <= 3) {<!-- [et_pb_line_break_holder] -->        \/\/ Tarifa 4x4<!-- [et_pb_line_break_holder] -->        resultado = peso * 6;<!-- [et_pb_line_break_holder] -->      } else {<!-- [et_pb_line_break_holder] -->        \/\/ No aplica 4x4<!-- [et_pb_line_break_holder] -->        const impuesto = precio * 0.22;<!-- [et_pb_line_break_holder] -->        const tarifa = peso * 6;<!-- [et_pb_line_break_holder] -->        resultado = impuesto + tarifa;<!-- [et_pb_line_break_holder] -->      }<!-- [et_pb_line_break_holder] --><!-- [et_pb_line_break_holder] -->      resultadoBtn.style.display = 'block';<!-- [et_pb_line_break_holder] -->      resultadoBtn.textContent = `El valor a pagar es: $${resultado.toFixed(2)}`;<!-- [et_pb_line_break_holder] -->    });<!-- [et_pb_line_break_holder] -->  <\/script><!-- [et_pb_line_break_holder] --><\/body><!-- [et_pb_line_break_holder] --><\/html><!-- [et_pb_line_break_holder] -->[\/et_pb_code][\/et_pb_column][et_pb_column type=\u00bb1_4&#8243; _builder_version=\u00bb4.27.4&#8243; _module_preset=\u00bbdefault\u00bb global_colors_info=\u00bb{}\u00bb][\/et_pb_column][\/et_pb_row][et_pb_row _builder_version=\u00bb4.27.4&#8243; _module_preset=\u00bbdefault\u00bb][et_pb_column _builder_version=\u00bb4.27.4&#8243; _module_preset=\u00bbdefault\u00bb type=\u00bb4_4&#8243;][et_pb_text _builder_version=\u00bb4.27.4&#8243; _module_preset=\u00bbdefault\u00bb global_colors_info=\u00bb{}\u00bb custom_padding=\u00bb||1px|||\u00bb]<\/p>\n<p>\u00bfEst\u00e1s listo para llevar tus productos de USA a Ecuador de manera f\u00e1cil y r\u00e1pida? Con el cotizador online de Powerbox, obtener una estimaci\u00f3n de costos nunca ha sido tan sencillo. Solo ingresa los detalles de tus productos y descubre al instante cu\u00e1nto te costar\u00e1 traerlos.\u00a0<\/p>\n<p><strong> \u00a1Cotiza ahora y transforma tu experiencia de compra en l\u00ednea!<\/strong><\/p>\n<p>[\/et_pb_text][\/et_pb_column][\/et_pb_row][\/et_pb_section][et_pb_section fb_built=\u00bb1&#8243; admin_label=\u00bbGallery\u00bb _builder_version=\u00bb4.27.3&#8243; _module_preset=\u00bbdefault\u00bb overflow-x=\u00bbhidden\u00bb overflow-y=\u00bbhidden\u00bb custom_padding=\u00bb0px||0px||true|false\u00bb collapsed=\u00bbon\u00bb global_colors_info=\u00bb{%22gcid-2a2d16d8-12e5-4520-affe-307c5f5dfb07%22:%91%22background_color%22%93}\u00bb][et_pb_row column_structure=\u00bb1_3,1_3,1_3&#8243; use_custom_gutter=\u00bbon\u00bb gutter_width=\u00bb2&#8243; make_equal=\u00bbon\u00bb _builder_version=\u00bb4.27.4&#8243; _module_preset=\u00bbdefault\u00bb width=\u00bb63%\u00bb width_tablet=\u00bb80%\u00bb width_phone=\u00bb80%\u00bb width_last_edited=\u00bbon|phone\u00bb max_width=\u00bbnone\u00bb scroll_horizontal_motion_enable=\u00bbon\u00bb scroll_horizontal_motion=\u00bb0|50|50|100|-0.5|0|0.5&#8243; scroll_horizontal_motion_tablet=\u00bb0|50|50|100|0|0|0&#8243; scroll_horizontal_motion_phone=\u00bb0|50|50|100|0|0|0&#8243; scroll_horizontal_motion_last_edited=\u00bbon|tablet\u00bb global_colors_info=\u00bb{}\u00bb][et_pb_column type=\u00bb1_3&#8243; _builder_version=\u00bb4.27.4&#8243; _module_preset=\u00bbdefault\u00bb global_colors_info=\u00bb{}\u00bb][et_pb_image src=\u00bbhttps:\/\/cotizador.powerboxec.com\/wp-content\/uploads\/2025\/04\/15.jpg\u00bb title_text=\u00bb15&#8243; show_in_lightbox=\u00bbon\u00bb use_overlay=\u00bbon\u00bb overlay_icon_color=\u00bb#FFFFFF\u00bb hover_overlay_color=\u00bbrgba(15,1,34,0.5)\u00bb _builder_version=\u00bb4.27.4&#8243; _module_preset=\u00bb07f2e454-5ee6-4478-8bc6-6c8b30007ae2&#8243; global_colors_info=\u00bb{}\u00bb][\/et_pb_image][\/et_pb_column][et_pb_column type=\u00bb1_3&#8243; _builder_version=\u00bb4.27.3&#8243; _module_preset=\u00bbdefault\u00bb global_colors_info=\u00bb{}\u00bb][et_pb_image src=\u00bbhttps:\/\/cotizador.powerboxec.com\/wp-content\/uploads\/2025\/04\/7.jpg\u00bb title_text=\u00bb7&#8243; show_in_lightbox=\u00bbon\u00bb use_overlay=\u00bbon\u00bb overlay_icon_color=\u00bb#FFFFFF\u00bb hover_overlay_color=\u00bbrgba(15,1,34,0.5)\u00bb _builder_version=\u00bb4.27.4&#8243; _module_preset=\u00bb07f2e454-5ee6-4478-8bc6-6c8b30007ae2&#8243; locked=\u00bboff\u00bb global_colors_info=\u00bb{}\u00bb][\/et_pb_image][\/et_pb_column][et_pb_column type=\u00bb1_3&#8243; _builder_version=\u00bb4.27.3&#8243; _module_preset=\u00bbdefault\u00bb global_colors_info=\u00bb{}\u00bb][et_pb_image src=\u00bbhttps:\/\/cotizador.powerboxec.com\/wp-content\/uploads\/2025\/04\/17.jpg\u00bb title_text=\u00bb17&#8243; show_in_lightbox=\u00bbon\u00bb use_overlay=\u00bbon\u00bb overlay_icon_color=\u00bb#FFFFFF\u00bb hover_overlay_color=\u00bbrgba(15,1,34,0.5)\u00bb _builder_version=\u00bb4.27.4&#8243; _module_preset=\u00bb07f2e454-5ee6-4478-8bc6-6c8b30007ae2&#8243; locked=\u00bboff\u00bb global_colors_info=\u00bb{}\u00bb][\/et_pb_image][\/et_pb_column][\/et_pb_row][\/et_pb_section][et_pb_section fb_built=\u00bb1&#8243; admin_label=\u00bbCall to Action\u00bb _builder_version=\u00bb4.27.3&#8243; _module_preset=\u00bbdefault\u00bb background_color=\u00bbgcid-primary-color\u00bb collapsed=\u00bbon\u00bb global_colors_info=\u00bb{%22gcid-primary-color%22:%91%22background_color%22%93}\u00bb][et_pb_row column_structure=\u00bb1_2,1_2&#8243; _builder_version=\u00bb4.27.3&#8243; _module_preset=\u00bbdefault\u00bb global_colors_info=\u00bb{}\u00bb][et_pb_column type=\u00bb1_2&#8243; _builder_version=\u00bb4.27.3&#8243; _module_preset=\u00bbdefault\u00bb global_colors_info=\u00bb{}\u00bb][et_pb_heading title=\u00bbTus compras de USA\u00bb _builder_version=\u00bb4.27.4&#8243; _module_preset=\u00bbc39a617e-6fbb-4227-a899-17ab9ce3e406&#8243; custom_margin=\u00bb||0px||false|false\u00bb global_colors_info=\u00bb{}\u00bb][\/et_pb_heading][et_pb_heading title=\u00bb#directoatucasa\u00bb _builder_version=\u00bb4.27.4&#8243; _module_preset=\u00bbc39a617e-6fbb-4227-a899-17ab9ce3e406&#8243; custom_margin=\u00bb||0px||false|false\u00bb global_colors_info=\u00bb{}\u00bb][\/et_pb_heading][\/et_pb_column][et_pb_column type=\u00bb1_2&#8243; _builder_version=\u00bb4.27.3&#8243; _module_preset=\u00bbdefault\u00bb global_colors_info=\u00bb{}\u00bb][et_pb_text _builder_version=\u00bb4.27.4&#8243; _module_preset=\u00bb05fd297b-83ea-47dd-9341-ecf5d70daa22&#8243; global_colors_info=\u00bb{}\u00bb]<\/p>\n<p>Nos encargamos de todo por ti, con rapidez, seguridad y sin complicaciones.<br \/><strong>\u00bfListo para recibir lo que tanto esperabas?<\/strong><\/p>\n<p>[\/et_pb_text][et_pb_button button_url=\u00bbhttps:\/\/api.whatsapp.com\/send?phone=593995632096&#8243; button_text=\u00bbCont\u00e1ctanos\u00bb _builder_version=\u00bb4.27.4&#8243; _module_preset=\u00bb1cc6214c-cc59-4e35-8ac0-28729a57edbc\u00bb global_colors_info=\u00bb{}\u00bb][\/et_pb_button][\/et_pb_column][\/et_pb_row][\/et_pb_section]<\/p>\n","protected":false},"excerpt":{"rendered":"<p>\u00bfEst\u00e1s listo para llevar tus productos de USA a Ecuador de manera f\u00e1cil y r\u00e1pida? Con el cotizador online de Powerbox, obtener una estimaci\u00f3n de costos nunca ha sido tan sencillo. Solo ingresa los detalles de tus productos y descubre al instante cu\u00e1nto te costar\u00e1 traerlos.\u00a0 \u00a1Cotiza ahora y transforma tu experiencia de compra en [&hellip;]<\/p>\n","protected":false},"author":1,"featured_media":0,"parent":0,"menu_order":0,"comment_status":"closed","ping_status":"closed","template":"","meta":{"_et_pb_use_builder":"on","_et_pb_old_content":"","_et_gb_content_width":"","footnotes":""},"class_list":["post-9","page","type-page","status-publish","hentry"],"_links":{"self":[{"href":"https:\/\/cotizador.powerboxec.com\/index.php\/wp-json\/wp\/v2\/pages\/9","targetHints":{"allow":["GET"]}}],"collection":[{"href":"https:\/\/cotizador.powerboxec.com\/index.php\/wp-json\/wp\/v2\/pages"}],"about":[{"href":"https:\/\/cotizador.powerboxec.com\/index.php\/wp-json\/wp\/v2\/types\/page"}],"author":[{"embeddable":true,"href":"https:\/\/cotizador.powerboxec.com\/index.php\/wp-json\/wp\/v2\/users\/1"}],"replies":[{"embeddable":true,"href":"https:\/\/cotizador.powerboxec.com\/index.php\/wp-json\/wp\/v2\/comments?post=9"}],"version-history":[{"count":11,"href":"https:\/\/cotizador.powerboxec.com\/index.php\/wp-json\/wp\/v2\/pages\/9\/revisions"}],"predecessor-version":[{"id":74,"href":"https:\/\/cotizador.powerboxec.com\/index.php\/wp-json\/wp\/v2\/pages\/9\/revisions\/74"}],"wp:attachment":[{"href":"https:\/\/cotizador.powerboxec.com\/index.php\/wp-json\/wp\/v2\/media?parent=9"}],"curies":[{"name":"wp","href":"https:\/\/api.w.org\/{rel}","templated":true}]}}